{"id":3174,"date":"2025-03-12T11:40:58","date_gmt":"2025-03-12T15:40:58","guid":{"rendered":"https:\/\/hiatushouse.com\/?page_id=3174"},"modified":"2025-04-11T12:19:43","modified_gmt":"2025-04-11T16:19:43","slug":"donations","status":"publish","type":"page","link":"https:\/\/hiatushouse.com\/fr\/donations\/","title":{"rendered":"Faire un don 2025"},"content":{"rendered":"<div data-elementor-type=\"wp-page\" data-elementor-id=\"3174\" class=\"elementor elementor-3174\" data-elementor-post-type=\"page\">\n\t\t\t\t<div class=\"elementor-element elementor-element-c0c77b5 e-flex e-con-boxed e-con e-parent\" data-id=\"c0c77b5\" data-element_type=\"container\">\n\t\t\t\t\t<div class=\"e-con-inner\">\n\t\t\t\t<div class=\"elementor-element elementor-element-0c32f22 elementor-widget elementor-widget-image\" data-id=\"0c32f22\" data-element_type=\"widget\" data-widget_type=\"image.default\">\n\t\t\t\t<div class=\"elementor-widget-container\">\n\t\t\t\t\t\t\t\t\t\t\t\t\t\t\t<img fetchpriority=\"high\" decoding=\"async\" width=\"1600\" height=\"615\" src=\"https:\/\/hiatushouse.com\/wp-content\/uploads\/2024\/01\/banner-Donate.jpg\" class=\"attachment-full size-full wp-image-935\" alt=\"\" srcset=\"https:\/\/hiatushouse.com\/wp-content\/uploads\/2024\/01\/banner-Donate.jpg 1600w, https:\/\/hiatushouse.com\/wp-content\/uploads\/2024\/01\/banner-Donate-300x115.jpg 300w, https:\/\/hiatushouse.com\/wp-content\/uploads\/2024\/01\/banner-Donate-1024x394.jpg 1024w, https:\/\/hiatushouse.com\/wp-content\/uploads\/2024\/01\/banner-Donate-768x295.jpg 768w, https:\/\/hiatushouse.com\/wp-content\/uploads\/2024\/01\/banner-Donate-1536x590.jpg 1536w, https:\/\/hiatushouse.com\/wp-content\/uploads\/2024\/01\/banner-Donate-18x7.jpg 18w\" sizes=\"(max-width: 1600px) 100vw, 1600px\" \/>\t\t\t\t\t\t\t\t\t\t\t\t\t\t\t<\/div>\n\t\t\t\t<\/div>\n\t\t\t\t\t<\/div>\n\t\t\t\t<\/div>\n\t\t<div class=\"elementor-element elementor-element-af1f73e e-grid e-con-boxed e-con e-parent\" data-id=\"af1f73e\" data-element_type=\"container\">\n\t\t\t\t\t<div class=\"e-con-inner\">\n\t\t\t\t<div class=\"elementor-element elementor-element-af3efd5 elementor-align-right elementor-widget-mobile__width-inherit elementor-mobile-align-center elementor-invisible elementor-widget elementor-widget-button\" data-id=\"af3efd5\" data-element_type=\"widget\" data-settings=\"{&quot;_animation&quot;:&quot;fadeInDown&quot;}\" data-widget_type=\"button.default\">\n\t\t\t\t<div class=\"elementor-widget-container\">\n\t\t\t\t\t\t\t\t\t<div class=\"elementor-button-wrapper\">\n\t\t\t\t\t<a class=\"elementor-button elementor-button-link elementor-size-sm\" href=\"https:\/\/form-renderer-app.donorperfect.io\/give\/hiatus-house\/hiatus-house-online-donations\">\n\t\t\t\t\t\t<span class=\"elementor-button-content-wrapper\">\n\t\t\t\t\t\t\t\t\t<span class=\"elementor-button-text\">Don g\u00e9n\u00e9ral<\/span>\n\t\t\t\t\t<\/span>\n\t\t\t\t\t<\/a>\n\t\t\t\t<\/div>\n\t\t\t\t\t\t\t\t<\/div>\n\t\t\t\t<\/div>\n\t\t\t\t<div class=\"elementor-element elementor-element-4025b82 elementor-align-center elementor-widget-mobile__width-inherit elementor-invisible elementor-widget elementor-widget-button\" data-id=\"4025b82\" data-element_type=\"widget\" data-settings=\"{&quot;_animation&quot;:&quot;fadeInDown&quot;}\" data-widget_type=\"button.default\">\n\t\t\t\t<div class=\"elementor-widget-container\">\n\t\t\t\t\t\t\t\t\t<div class=\"elementor-button-wrapper\">\n\t\t\t\t\t<a class=\"elementor-button elementor-button-link elementor-size-sm\" href=\"https:\/\/form-renderer-app.donorperfect.io\/give\/hiatus-house\/in-memory-in-honour\">\n\t\t\t\t\t\t<span class=\"elementor-button-content-wrapper\">\n\t\t\t\t\t\t\t\t\t<span class=\"elementor-button-text\">En m\u00e9moire \/ En l&#039;honneur<\/span>\n\t\t\t\t\t<\/span>\n\t\t\t\t\t<\/a>\n\t\t\t\t<\/div>\n\t\t\t\t\t\t\t\t<\/div>\n\t\t\t\t<\/div>\n\t\t\t\t<div class=\"elementor-element elementor-element-d3db4de elementor-align-left elementor-widget-mobile__width-inherit elementor-mobile-align-center elementor-invisible elementor-widget elementor-widget-button\" data-id=\"d3db4de\" data-element_type=\"widget\" data-settings=\"{&quot;_animation&quot;:&quot;fadeInDown&quot;}\" data-widget_type=\"button.default\">\n\t\t\t\t<div class=\"elementor-widget-container\">\n\t\t\t\t\t\t\t\t\t<div class=\"elementor-button-wrapper\">\n\t\t\t\t\t<a class=\"elementor-button elementor-button-link elementor-size-sm\" href=\"https:\/\/form-renderer-app.donorperfect.io\/give\/hiatus-house\/transitional-housing\">\n\t\t\t\t\t\t<span class=\"elementor-button-content-wrapper\">\n\t\t\t\t\t\t\t\t\t<span class=\"elementor-button-text\">Logements de transition<\/span>\n\t\t\t\t\t<\/span>\n\t\t\t\t\t<\/a>\n\t\t\t\t<\/div>\n\t\t\t\t\t\t\t\t<\/div>\n\t\t\t\t<\/div>\n\t\t\t\t\t<\/div>\n\t\t\t\t<\/div>\n\t\t<div class=\"elementor-element elementor-element-22e7abf e-flex e-con-boxed e-con e-parent\" data-id=\"22e7abf\" data-element_type=\"container\">\n\t\t\t\t\t<div class=\"e-con-inner\">\n\t\t\t\t<div class=\"elementor-element elementor-element-f3a12ee elementor-widget elementor-widget-heading\" data-id=\"f3a12ee\" data-element_type=\"widget\" data-widget_type=\"heading.default\">\n\t\t\t\t<div class=\"elementor-widget-container\">\n\t\t\t\t\t<h2 class=\"elementor-heading-title elementor-size-default\">Votre don fait une diff\u00e9rence<\/h2>\t\t\t\t<\/div>\n\t\t\t\t<\/div>\n\t\t\t\t\t<\/div>\n\t\t\t\t<\/div>\n\t\t<div class=\"elementor-element elementor-element-e2b29db e-flex e-con-boxed e-con e-parent\" data-id=\"e2b29db\" data-element_type=\"container\">\n\t\t\t\t\t<div class=\"e-con-inner\">\n\t\t\t\t<div class=\"elementor-element elementor-element-b085678 elementor-widget elementor-widget-text-editor\" data-id=\"b085678\" data-element_type=\"widget\" data-widget_type=\"text-editor.default\">\n\t\t\t\t<div class=\"elementor-widget-container\">\n\t\t\t\t\t\t\t\t\t<p>Chaque don \u00e0 Hiatus House compte. Que vous donniez dans le cadre d&#039;un grand \u00e9v\u00e9nement ou que vous soyez un membre compatissant de la communaut\u00e9, votre soutien aide les femmes et les enfants qui ont besoin d&#039;\u00eatre prot\u00e9g\u00e9s contre la violence domestique.<\/p><p>Lorsque vous faites un don \u00e0 Hiatus House, votre argent aide \u00e0 fournir des articles de soins personnels, des v\u00eatements, des transports, des programmes et bien plus encore. Si vous souhaitez faire un don \u00e0 un projet sp\u00e9cifique, vous pouvez \u00e9galement le faire en identifiant simplement vos souhaits sur votre formulaire de don ou en ligne. Nous continuons de compter sur le soutien du public pour garantir que nous pouvons faire une diff\u00e9rence dans la vie des femmes et des familles que nous servons chaque jour. Pensez \u00e0 nous soutenir !<\/p><p>Chez Hiatus House, nous sommes touch\u00e9s et reconnaissants envers ceux qui donnent si g\u00e9n\u00e9reusement pour soutenir nos efforts visant \u00e0 \u00e9liminer la violence domestique.<\/p><p>Aidez Hiatus House des mani\u00e8res suivantes pour remplir sa mission et aider les femmes et les enfants en cas de besoin.<\/p><ol><li><strong>Cadeau unique<\/strong><\/li><li><strong>Engagement pluriannuel<\/strong><\/li><li><strong>Don mensuel<\/strong><\/li><li><strong>Faire un don d&#039;articles<\/strong><\/li><li><strong>Organisez une collecte de fonds<\/strong><\/li><\/ol><p><span style=\"background-color: var( --e-global-color-c696dce ); color: var( --e-global-color-text ); font-family: var( --e-global-typography-text-font-family ), Sans-serif; font-size: var( --e-global-typography-text-font-size ); font-style: var( --e-global-typography-text-font-style ); font-weight: var( --e-global-typography-text-font-weight ); letter-spacing: var( --e-global-typography-text-letter-spacing ); text-align: var(--text-align); text-transform: var( --e-global-typography-text-text-transform );\">\u00a0<\/span><\/p><p><span style=\"background-color: var( --e-global-color-c696dce ); color: var( --e-global-color-text ); font-family: var( --e-global-typography-text-font-family ), Sans-serif; font-size: var( --e-global-typography-text-font-size ); font-style: var( --e-global-typography-text-font-style ); font-weight: var( --e-global-typography-text-font-weight ); letter-spacing: var( --e-global-typography-text-letter-spacing ); text-align: var(--text-align); text-transform: var( --e-global-typography-text-text-transform );\">Nous valorisons nos entreprises partenaires et travaillerons avec vous pour orienter votre don vers un domaine de besoin qui correspond \u00e0 vos valeurs ou \u00e0 votre mandat. Veuillez nous contacter pour plus d&#039;informations.<\/span><\/p>\t\t\t\t\t\t\t\t<\/div>\n\t\t\t\t<\/div>\n\t\t\t\t\t<\/div>\n\t\t\t\t<\/div>\n\t\t<div class=\"elementor-element elementor-element-e86571f e-grid e-con-boxed e-con e-parent\" data-id=\"e86571f\" data-element_type=\"container\">\n\t\t\t\t\t<div class=\"e-con-inner\">\n\t\t\t\t<div class=\"elementor-element elementor-element-86626c8 elementor-align-center elementor-widget-mobile__width-inherit elementor-invisible elementor-widget elementor-widget-button\" data-id=\"86626c8\" data-element_type=\"widget\" data-settings=\"{&quot;_animation&quot;:&quot;fadeInDown&quot;}\" data-widget_type=\"button.default\">\n\t\t\t\t<div class=\"elementor-widget-container\">\n\t\t\t\t\t\t\t\t\t<div class=\"elementor-button-wrapper\">\n\t\t\t\t\t<a class=\"elementor-button elementor-button-link elementor-size-sm\" href=\"https:\/\/hiatushouse.com\/wp-content\/uploads\/2024\/01\/DonorBillofRights.pdf\">\n\t\t\t\t\t\t<span class=\"elementor-button-content-wrapper\">\n\t\t\t\t\t\t\t\t\t<span class=\"elementor-button-text\">D\u00e9claration des droits des donateurs <\/span>\n\t\t\t\t\t<\/span>\n\t\t\t\t\t<\/a>\n\t\t\t\t<\/div>\n\t\t\t\t\t\t\t\t<\/div>\n\t\t\t\t<\/div>\n\t\t\t\t\t<\/div>\n\t\t\t\t<\/div>\n\t\t\t\t<\/div>","protected":false},"excerpt":{"rendered":"<p>General Donation In Memory \/ In Honour Transitional Housing Your Donation Makes a Difference Every donation to Hiatus House counts. Whether you are giving through a large event or you [&hellip;]<\/p>\n","protected":false},"author":2,"featured_media":0,"parent":0,"menu_order":0,"comment_status":"closed","ping_status":"closed","template":"","meta":{"footnotes":""},"class_list":["post-3174","page","type-page","status-publish","hentry"],"_links":{"self":[{"href":"https:\/\/hiatushouse.com\/fr\/wp-json\/wp\/v2\/pages\/3174","targetHints":{"allow":["GET"]}}],"collection":[{"href":"https:\/\/hiatushouse.com\/fr\/wp-json\/wp\/v2\/pages"}],"about":[{"href":"https:\/\/hiatushouse.com\/fr\/wp-json\/wp\/v2\/types\/page"}],"author":[{"embeddable":true,"href":"https:\/\/hiatushouse.com\/fr\/wp-json\/wp\/v2\/users\/2"}],"replies":[{"embeddable":true,"href":"https:\/\/hiatushouse.com\/fr\/wp-json\/wp\/v2\/comments?post=3174"}],"version-history":[{"count":25,"href":"https:\/\/hiatushouse.com\/fr\/wp-json\/wp\/v2\/pages\/3174\/revisions"}],"predecessor-version":[{"id":3278,"href":"https:\/\/hiatushouse.com\/fr\/wp-json\/wp\/v2\/pages\/3174\/revisions\/3278"}],"wp:attachment":[{"href":"https:\/\/hiatushouse.com\/fr\/wp-json\/wp\/v2\/media?parent=3174"}],"curies":[{"name":"wp","href":"https:\/\/api.w.org\/{rel}","templated":true}]}}