{"id":3147,"date":"2025-01-16T14:41:35","date_gmt":"2025-01-16T19:41:35","guid":{"rendered":"https:\/\/hiatushouse.com\/?page_id=3147"},"modified":"2025-01-16T14:46:22","modified_gmt":"2025-01-16T19:46:22","slug":"stannard-walsh-memorial-walkathon-copy","status":"publish","type":"page","link":"https:\/\/hiatushouse.com\/fr\/women-abuse-prevention-month\/stannard-walsh-memorial-walkathon-copy\/","title":{"rendered":"Marche comm\u00e9morative Stannard-Walsh"},"content":{"rendered":"<div data-elementor-type=\"wp-page\" data-elementor-id=\"3147\" class=\"elementor elementor-3147\" data-elementor-post-type=\"page\">\n\t\t\t\t<div class=\"elementor-element elementor-element-55a60a2 e-flex e-con-boxed e-con e-parent\" data-id=\"55a60a2\" data-element_type=\"container\">\n\t\t\t\t\t<div class=\"e-con-inner\">\n\t\t\t\t<div class=\"elementor-element elementor-element-6564ef6 elementor-widget elementor-widget-image\" data-id=\"6564ef6\" data-element_type=\"widget\" data-widget_type=\"image.default\">\n\t\t\t\t<div class=\"elementor-widget-container\">\n\t\t\t\t\t\t\t\t\t\t\t\t\t\t\t<img fetchpriority=\"high\" decoding=\"async\" width=\"700\" height=\"525\" src=\"https:\/\/hiatushouse.com\/wp-content\/uploads\/2024\/09\/BB1oWTya.jpg\" class=\"attachment-large size-large wp-image-2561\" alt=\"\" srcset=\"https:\/\/hiatushouse.com\/wp-content\/uploads\/2024\/09\/BB1oWTya.jpg 700w, https:\/\/hiatushouse.com\/wp-content\/uploads\/2024\/09\/BB1oWTya-300x225.jpg 300w, https:\/\/hiatushouse.com\/wp-content\/uploads\/2024\/09\/BB1oWTya-16x12.jpg 16w\" sizes=\"(max-width: 700px) 100vw, 700px\" \/>\t\t\t\t\t\t\t\t\t\t\t\t\t\t\t<\/div>\n\t\t\t\t<\/div>\n\t\t\t\t<div class=\"elementor-element elementor-element-0ba201e elementor-headline--style-rotate elementor-widget elementor-widget-animated-headline\" data-id=\"0ba201e\" data-element_type=\"widget\" data-settings=\"{&quot;headline_style&quot;:&quot;rotate&quot;,&quot;animation_type&quot;:&quot;slide-down&quot;,&quot;rotating_text&quot;:&quot;Carly\\nMadison\\nHunter&quot;,&quot;loop&quot;:&quot;yes&quot;,&quot;rotate_iteration_delay&quot;:2500}\" data-widget_type=\"animated-headline.default\">\n\t\t\t\t<div class=\"elementor-widget-container\">\n\t\t\t\t\t\t\t<h3 class=\"elementor-headline elementor-headline-animation-type-slide-down\">\n\t\t\t\t\t<span class=\"elementor-headline-plain-text elementor-headline-text-wrapper\">\u00c0 la m\u00e9moire de <\/span>\n\t\t\t\t<span class=\"elementor-headline-dynamic-wrapper elementor-headline-text-wrapper\">\n\t\t\t\t\t<span class=\"elementor-headline-dynamic-text elementor-headline-text-active\">\n\t\t\t\tCarly\t\t\t<\/span>\n\t\t\t\t\t<span class=\"elementor-headline-dynamic-text\">\n\t\t\t\tMadison\t\t\t<\/span>\n\t\t\t\t\t<span class=\"elementor-headline-dynamic-text\">\n\t\t\t\tChasseur\t\t\t<\/span>\n\t\t\t\t\t\t<\/span>\n\t\t\t\t\t<span class=\"elementor-headline-plain-text elementor-headline-text-wrapper\">Stannard-Walsh<\/span>\n\t\t\t\t\t<\/h3>\n\t\t\t\t\t\t<\/div>\n\t\t\t\t<\/div>\n\t\t\t\t\t<\/div>\n\t\t\t\t<\/div>\n\t\t<div class=\"elementor-element elementor-element-66f8688 e-flex e-con-boxed e-con e-parent\" data-id=\"66f8688\" data-element_type=\"container\">\n\t\t\t\t\t<div class=\"e-con-inner\">\n\t\t\t\t<div class=\"elementor-element elementor-element-c05c257 elementor-widget elementor-widget-text-editor\" data-id=\"c05c257\" data-element_type=\"widget\" data-widget_type=\"text-editor.default\">\n\t\t\t\t<div class=\"elementor-widget-container\">\n\t\t\t\t\t\t\t\t\t<p><span style=\"text-decoration: underline;\"><strong>Merci beaucoup de soutenir notre organisation et ce mouvement. <\/strong><\/span><\/p><p><span style=\"text-decoration: underline;\"><strong>Malheureusement, cet \u00e9v\u00e9nement est d\u00e9sormais ferm\u00e9. <\/strong><\/span><\/p><p><span style=\"text-decoration: underline;\"><strong>Si vous souhaitez toujours faire un don pour soutenir Hiatus House, veuillez visiter notre page de don via le bouton \u00ab Faire un don maintenant \u00bb dans le coin sup\u00e9rieur droit de cette page.<\/strong><\/span><\/p><p><span style=\"text-decoration: underline;\"><strong>Merci.\u00a0<\/strong><\/span><\/p>\t\t\t\t\t\t\t\t<\/div>\n\t\t\t\t<\/div>\n\t\t\t\t\t<\/div>\n\t\t\t\t<\/div>\n\t\t\t\t<\/div>","protected":false},"excerpt":{"rendered":"<p>In Memory of Carly Madison Hunter Stannard-Walsh Thank you so much for supporting our organization and this movement. Unfortunately, this event is now closed. If you would still like to [&hellip;]<\/p>\n","protected":false},"author":7,"featured_media":2561,"parent":1383,"menu_order":0,"comment_status":"closed","ping_status":"closed","template":"","meta":{"footnotes":""},"class_list":["post-3147","page","type-page","status-publish","has-post-thumbnail","hentry"],"_links":{"self":[{"href":"https:\/\/hiatushouse.com\/fr\/wp-json\/wp\/v2\/pages\/3147","targetHints":{"allow":["GET"]}}],"collection":[{"href":"https:\/\/hiatushouse.com\/fr\/wp-json\/wp\/v2\/pages"}],"about":[{"href":"https:\/\/hiatushouse.com\/fr\/wp-json\/wp\/v2\/types\/page"}],"author":[{"embeddable":true,"href":"https:\/\/hiatushouse.com\/fr\/wp-json\/wp\/v2\/users\/7"}],"replies":[{"embeddable":true,"href":"https:\/\/hiatushouse.com\/fr\/wp-json\/wp\/v2\/comments?post=3147"}],"version-history":[{"count":4,"href":"https:\/\/hiatushouse.com\/fr\/wp-json\/wp\/v2\/pages\/3147\/revisions"}],"predecessor-version":[{"id":3153,"href":"https:\/\/hiatushouse.com\/fr\/wp-json\/wp\/v2\/pages\/3147\/revisions\/3153"}],"up":[{"embeddable":true,"href":"https:\/\/hiatushouse.com\/fr\/wp-json\/wp\/v2\/pages\/1383"}],"wp:featuredmedia":[{"embeddable":true,"href":"https:\/\/hiatushouse.com\/fr\/wp-json\/wp\/v2\/media\/2561"}],"wp:attachment":[{"href":"https:\/\/hiatushouse.com\/fr\/wp-json\/wp\/v2\/media?parent=3147"}],"curies":[{"name":"wp","href":"https:\/\/api.w.org\/{rel}","templated":true}]}}