{"id":2567,"date":"2024-09-18T08:44:19","date_gmt":"2024-09-18T12:44:19","guid":{"rendered":"https:\/\/hiatushouse.com\/donation-failed\/"},"modified":"2024-09-18T08:44:19","modified_gmt":"2024-09-18T12:44:19","slug":"donation-failed","status":"publish","type":"page","link":"https:\/\/hiatushouse.com\/fr\/donation-failed\/","title":{"rendered":"Don \u00e9chou\u00e9"},"content":{"rendered":"<p>Nous sommes d\u00e9sol\u00e9s, votre don n&#039;a pas pu \u00eatre trait\u00e9. Veuillez r\u00e9essayer ou contacter le support du site.<\/p>","protected":false},"excerpt":{"rendered":"<p>Nous sommes d\u00e9sol\u00e9s, votre don n&#039;a pas pu \u00eatre trait\u00e9. Veuillez r\u00e9essayer ou contacter le support du site.<\/p>","protected":false},"author":1,"featured_media":0,"parent":0,"menu_order":0,"comment_status":"closed","ping_status":"closed","template":"","meta":{"footnotes":""},"class_list":["post-2567","page","type-page","status-publish","hentry"],"_links":{"self":[{"href":"https:\/\/hiatushouse.com\/fr\/wp-json\/wp\/v2\/pages\/2567","targetHints":{"allow":["GET"]}}],"collection":[{"href":"https:\/\/hiatushouse.com\/fr\/wp-json\/wp\/v2\/pages"}],"about":[{"href":"https:\/\/hiatushouse.com\/fr\/wp-json\/wp\/v2\/types\/page"}],"author":[{"embeddable":true,"href":"https:\/\/hiatushouse.com\/fr\/wp-json\/wp\/v2\/users\/1"}],"replies":[{"embeddable":true,"href":"https:\/\/hiatushouse.com\/fr\/wp-json\/wp\/v2\/comments?post=2567"}],"version-history":[{"count":0,"href":"https:\/\/hiatushouse.com\/fr\/wp-json\/wp\/v2\/pages\/2567\/revisions"}],"wp:attachment":[{"href":"https:\/\/hiatushouse.com\/fr\/wp-json\/wp\/v2\/media?parent=2567"}],"curies":[{"name":"wp","href":"https:\/\/api.w.org\/{rel}","templated":true}]}}