{"id":2189,"date":"2024-03-01T18:14:42","date_gmt":"2024-03-01T22:14:42","guid":{"rendered":"https:\/\/hiatushouse.com\/?page_id=2189"},"modified":"2026-03-09T10:56:31","modified_gmt":"2026-03-09T14:56:31","slug":"transitional-housing-project","status":"publish","type":"page","link":"https:\/\/hiatushouse.com\/fr\/transitional-housing-project\/","title":{"rendered":"Projet de logement de transition"},"content":{"rendered":"<div data-elementor-type=\"wp-page\" data-elementor-id=\"2189\" class=\"elementor elementor-2189\" data-elementor-post-type=\"page\">\n\t\t\t\t<div class=\"elementor-element elementor-element-50397aa1 e-con-full e-flex e-con e-parent\" data-id=\"50397aa1\" data-element_type=\"container\" data-settings=\"{&quot;background_background&quot;:&quot;classic&quot;}\">\n\t\t\t\t<\/div>\n\t\t<div class=\"elementor-element elementor-element-5329d5c5 e-flex e-con-boxed e-con e-parent\" data-id=\"5329d5c5\" data-element_type=\"container\" data-settings=\"{&quot;background_background&quot;:&quot;classic&quot;}\">\n\t\t\t\t\t<div class=\"e-con-inner\">\n\t\t\t\t<div class=\"elementor-element elementor-element-29e26409 elementor-widget elementor-widget-heading\" data-id=\"29e26409\" data-element_type=\"widget\" data-widget_type=\"heading.default\">\n\t\t\t\t<div class=\"elementor-widget-container\">\n\t\t\t\t\t<h1 class=\"elementor-heading-title elementor-size-default\">Projet de collecte de fonds pour le logement de transition<\/h1>\t\t\t\t<\/div>\n\t\t\t\t<\/div>\n\t\t\t\t<div class=\"elementor-element elementor-element-7a80510f elementor-widget elementor-widget-text-editor\" data-id=\"7a80510f\" data-element_type=\"widget\" data-widget_type=\"text-editor.default\">\n\t\t\t\t<div class=\"elementor-widget-container\">\n\t\t\t\t\t\t\t\t\t<div class=\"column mcb-column mcb-item-p227yvyk7 one column_fancy_heading purpule_color\"><div class=\"fancy_heading fancy_heading_icon\"><p dir=\"auto\">Chez Hiatus House, nous nous engageons \u00e0 aider les femmes et leurs enfants qui ont \u00e9t\u00e9 victimes de violence sexiste, de violence conjugale, de violence domestique et\/ou de traite d&#039;\u00eatres humains. Nous leur fournissons un soutien en cas de crise et un abri d\u2019urgence, mais cela ne suffit pas.<\/p><p><strong>Le logement de transition offre une vie s\u00fbre et abordable<\/strong> o\u00f9 les femmes et leurs familles peuvent vivre de mani\u00e8re ind\u00e9pendante avec leurs enfants avant de d\u00e9m\u00e9nager dans un logement permanent. C&#039;est bien plus qu&#039;un simple endroit s\u00fbr o\u00f9 s\u00e9journer. Il offre aux femmes et aux enfants une vari\u00e9t\u00e9 de services complets qui les aideront \u00e0 s&#039;adapter et \u00e0 mener une vie meilleure.<\/p><p>Nous recevons en moyenne <strong>320 appels de crise chaque mois<\/strong>. Souvent, les femmes et les enfants h\u00e9berg\u00e9s dans le refuge se retrouvent sans abri en raison du besoin continu d&#039;espace d&#039;urgence dans le refuge existant.<\/p><h4>\u00ab La violence est une cause et une cons\u00e9quence du sans-abrisme \u00bb et nous devons agir maintenant.<\/h4><\/div><\/div>\t\t\t\t\t\t\t\t<\/div>\n\t\t\t\t<\/div>\n\t\t\t\t\t<\/div>\n\t\t\t\t<\/div>\n\t\t<div class=\"elementor-element elementor-element-4d9beb3 e-flex e-con-boxed e-con e-parent\" data-id=\"4d9beb3\" data-element_type=\"container\">\n\t\t\t\t\t<div class=\"e-con-inner\">\n\t\t\t\t<div class=\"elementor-element elementor-element-44aadb8 elementor-align-center elementor-widget-mobile__width-inherit elementor-invisible elementor-widget elementor-widget-button\" data-id=\"44aadb8\" data-element_type=\"widget\" data-settings=\"{&quot;_animation&quot;:&quot;fadeInDown&quot;}\" data-widget_type=\"button.default\">\n\t\t\t\t<div class=\"elementor-widget-container\">\n\t\t\t\t\t\t\t\t\t<div class=\"elementor-button-wrapper\">\n\t\t\t\t\t<a class=\"elementor-button elementor-button-link elementor-size-sm\" href=\"https:\/\/hiatushouse.com\/wp-content\/uploads\/2026\/03\/Transitional-1M-Milestone-Draft.pdf\">\n\t\t\t\t\t\t<span class=\"elementor-button-content-wrapper\">\n\t\t\t\t\t\t\t\t\t<span class=\"elementor-button-text\">MISES \u00c0 JOUR SUR LE LOGEMENT TRANSITIONNEL 2026 !<\/span>\n\t\t\t\t\t<\/span>\n\t\t\t\t\t<\/a>\n\t\t\t\t<\/div>\n\t\t\t\t\t\t\t\t<\/div>\n\t\t\t\t<\/div>\n\t\t\t\t<div class=\"elementor-element elementor-element-e3a3302 elementor-widget elementor-widget-text-editor\" data-id=\"e3a3302\" data-element_type=\"widget\" data-widget_type=\"text-editor.default\">\n\t\t\t\t<div class=\"elementor-widget-container\">\n\t\t\t\t\t\t\t\t\t<div class=\"column mcb-column mcb-item-p227yvyk7 one column_fancy_heading purpule_color\"><div class=\"fancy_heading fancy_heading_icon\"><h3 style=\"text-align: center;\">Qu&#039;est-ce que tu peux faire pour aider<\/h3><p>Nous sollicitons votre aide pour r\u00e9aliser notre nouveau centre d&#039;h\u00e9bergement de transition situ\u00e9 au 245, avenue Louis, en face du refuge actuel,<strong> une r\u00e9alit\u00e9<\/strong>. Ce sera <strong>\u00ab Un endroit pour gu\u00e9rir \u00bb<\/strong> qui est s\u00e9curitaire, offre des programmes et des services et contribue \u00e0 garantir que ces femmes et ces enfants aient la possibilit\u00e9 de prendre un nouveau d\u00e9part.<\/p><p>En tant que communaut\u00e9, nous sommes appel\u00e9s \u00e0 <strong>travailler ensemble<\/strong> veiller \u00e0 ce que les femmes et leurs enfants vivent sans violence et puissent r\u00e9ussir gr\u00e2ce au logement de transition.<\/p><hr \/><h5>\u00a0<\/h5><h5 style=\"text-align: center;\">Apprendre encore plus<\/h5><p>Veuillez contacter le service de collecte de fonds et de d\u00e9veloppement pour en savoir plus ou lire notre logement de transition. <strong>Pr\u00e9sentation du projet<\/strong> ci-dessous.<\/p><hr \/><\/div><h5>\u00a0<\/h5><h5 style=\"text-align: center;\">Faire un don<\/h5><div class=\"fancy_heading fancy_heading_icon\"><p>Vous pouvez faire un don <strong>\u00e0 tout moment<\/strong> en utilisant notre formulaire de don en ligne. Clique le &quot;<strong>Faire un don maintenant<\/strong>&quot; bouton ci-dessous. Lorsque vous faites un don en ligne, s\u00e9lectionnez le \u00ab<strong>Projet de logement de transition<\/strong>\u00bb lien sur le formulaire en ligne.<\/p><p>Ou n\u2019h\u00e9sitez pas \u00e0 contacter le service collecte de fonds et d\u00e9veloppement :<br \/>Lun-ven 9h-16h <strong>Secteur d&#039;activit\u00e9:<\/strong>\u00a0<a href=\"tel:(519) 252-1143\">(519) 252-1143 poste 2283<\/a><\/p><p>Merci!<\/p><\/div><\/div>\t\t\t\t\t\t\t\t<\/div>\n\t\t\t\t<\/div>\n\t\t\t\t<div class=\"elementor-element elementor-element-49e6382 elementor-align-center elementor-widget-mobile__width-inherit elementor-invisible elementor-widget elementor-widget-button\" data-id=\"49e6382\" data-element_type=\"widget\" data-settings=\"{&quot;_animation&quot;:&quot;fadeInDown&quot;}\" data-widget_type=\"button.default\">\n\t\t\t\t<div class=\"elementor-widget-container\">\n\t\t\t\t\t\t\t\t\t<div class=\"elementor-button-wrapper\">\n\t\t\t\t\t<a class=\"elementor-button elementor-button-link elementor-size-sm\" href=\"https:\/\/hiatushouse.com\/fr\/donations\/\">\n\t\t\t\t\t\t<span class=\"elementor-button-content-wrapper\">\n\t\t\t\t\t\t\t\t\t<span class=\"elementor-button-text\">Faire un don maintenant<\/span>\n\t\t\t\t\t<\/span>\n\t\t\t\t\t<\/a>\n\t\t\t\t<\/div>\n\t\t\t\t\t\t\t\t<\/div>\n\t\t\t\t<\/div>\n\t\t\t\t<div class=\"elementor-element elementor-element-baa1102 elementor-align-center elementor-widget-mobile__width-inherit elementor-invisible elementor-widget elementor-widget-button\" data-id=\"baa1102\" data-element_type=\"widget\" data-settings=\"{&quot;_animation&quot;:&quot;fadeInDown&quot;}\" data-widget_type=\"button.default\">\n\t\t\t\t<div class=\"elementor-widget-container\">\n\t\t\t\t\t\t\t\t\t<div class=\"elementor-button-wrapper\">\n\t\t\t\t\t<a class=\"elementor-button elementor-button-link elementor-size-sm\" href=\"https:\/\/hiatushouse.com\/fr\/contact\/\">\n\t\t\t\t\t\t<span class=\"elementor-button-content-wrapper\">\n\t\t\t\t\t\t\t\t\t<span class=\"elementor-button-text\">Contactez-nous pour en savoir plus<\/span>\n\t\t\t\t\t<\/span>\n\t\t\t\t\t<\/a>\n\t\t\t\t<\/div>\n\t\t\t\t\t\t\t\t<\/div>\n\t\t\t\t<\/div>\n\t\t\t\t<div class=\"elementor-element elementor-element-a20584a elementor-align-center elementor-widget-mobile__width-inherit elementor-invisible elementor-widget elementor-widget-button\" data-id=\"a20584a\" data-element_type=\"widget\" data-settings=\"{&quot;_animation&quot;:&quot;fadeInDown&quot;}\" data-widget_type=\"button.default\">\n\t\t\t\t<div class=\"elementor-widget-container\">\n\t\t\t\t\t\t\t\t\t<div class=\"elementor-button-wrapper\">\n\t\t\t\t\t<a class=\"elementor-button elementor-button-link elementor-size-sm\" href=\"https:\/\/hiatushouse.com\/wp-content\/uploads\/2024\/03\/HH_TransitionalHousingProject_2023_R7_email.pdf\">\n\t\t\t\t\t\t<span class=\"elementor-button-content-wrapper\">\n\t\t\t\t\t\t\t\t\t<span class=\"elementor-button-text\">Pr\u00e9sentation du projet<\/span>\n\t\t\t\t\t<\/span>\n\t\t\t\t\t<\/a>\n\t\t\t\t<\/div>\n\t\t\t\t\t\t\t\t<\/div>\n\t\t\t\t<\/div>\n\t\t\t\t\t<\/div>\n\t\t\t\t<\/div>\n\t\t\t\t<\/div>","protected":false},"excerpt":{"rendered":"<p>Transitional Housing Fundraising Project At Hiatus House we are committed to assisting women and their children who have experienced gender-based violence, intimate partner violence, domestic violence and or human trafficking. [&hellip;]<\/p>\n","protected":false},"author":1,"featured_media":0,"parent":0,"menu_order":0,"comment_status":"closed","ping_status":"closed","template":"","meta":{"footnotes":""},"class_list":["post-2189","page","type-page","status-publish","hentry"],"_links":{"self":[{"href":"https:\/\/hiatushouse.com\/fr\/wp-json\/wp\/v2\/pages\/2189","targetHints":{"allow":["GET"]}}],"collection":[{"href":"https:\/\/hiatushouse.com\/fr\/wp-json\/wp\/v2\/pages"}],"about":[{"href":"https:\/\/hiatushouse.com\/fr\/wp-json\/wp\/v2\/types\/page"}],"author":[{"embeddable":true,"href":"https:\/\/hiatushouse.com\/fr\/wp-json\/wp\/v2\/users\/1"}],"replies":[{"embeddable":true,"href":"https:\/\/hiatushouse.com\/fr\/wp-json\/wp\/v2\/comments?post=2189"}],"version-history":[{"count":55,"href":"https:\/\/hiatushouse.com\/fr\/wp-json\/wp\/v2\/pages\/2189\/revisions"}],"predecessor-version":[{"id":3606,"href":"https:\/\/hiatushouse.com\/fr\/wp-json\/wp\/v2\/pages\/2189\/revisions\/3606"}],"wp:attachment":[{"href":"https:\/\/hiatushouse.com\/fr\/wp-json\/wp\/v2\/media?parent=2189"}],"curies":[{"name":"wp","href":"https:\/\/api.w.org\/{rel}","templated":true}]}}