{"id":118,"date":"2023-12-20T11:50:44","date_gmt":"2023-12-20T15:50:44","guid":{"rendered":"https:\/\/hiatushouse.com\/contact\/"},"modified":"2025-11-20T09:55:47","modified_gmt":"2025-11-20T14:55:47","slug":"contact","status":"publish","type":"page","link":"https:\/\/hiatushouse.com\/fr\/contact\/","title":{"rendered":"Contact"},"content":{"rendered":"<div data-elementor-type=\"wp-page\" data-elementor-id=\"118\" class=\"elementor elementor-118\" data-elementor-post-type=\"page\">\n\t\t\t\t<div class=\"elementor-element elementor-element-6e33a677 e-flex e-con-boxed e-con e-parent\" data-id=\"6e33a677\" data-element_type=\"container\">\n\t\t\t\t\t<div class=\"e-con-inner\">\n\t\t\t\t<div class=\"elementor-element elementor-element-2a3496fb e-n-tabs-mobile elementor-widget elementor-widget-n-tabs\" data-id=\"2a3496fb\" data-element_type=\"widget\" data-settings=\"{&quot;tabs_justify_horizontal_mobile&quot;:&quot;start&quot;}\" data-widget_type=\"nested-tabs.default\">\n\t\t\t\t<div class=\"elementor-widget-container\">\n\t\t\t\t\t\t\t<div class=\"e-n-tabs\" data-widget-number=\"708089595\" aria-label=\"Onglets. Ouvrez les \u00e9l\u00e9ments avec Entr\u00e9e ou Espace, fermez avec \u00c9chap et naviguez \u00e0 l&#039;aide des touches fl\u00e9ch\u00e9es.\">\n\t\t\t<div class=\"e-n-tabs-heading\" role=\"tablist\">\n\t\t\t\t\t<button id=\"contact\" class=\"e-n-tab-title\" aria-selected=\"true\" data-tab-index=\"1\" role=\"tab\" tabindex=\"0\" aria-controls=\"e-n-tab-content-7080895951\" style=\"--n-tabs-title-order: 1;\">\n\t\t\t\t\t\t<span class=\"e-n-tab-title-text\">\n\t\t\t\tContact et localisation\t\t\t<\/span>\n\t\t<\/button>\n\t\t\t\t<button id=\"e-n-tab-title-7080895952\" class=\"e-n-tab-title\" aria-selected=\"false\" data-tab-index=\"2\" role=\"tab\" tabindex=\"-1\" aria-controls=\"e-n-tab-content-7080895952\" style=\"--n-tabs-title-order: 2;\">\n\t\t\t\t\t\t<span class=\"e-n-tab-title-text\">\n\t\t\t\tFormulaire de contact et de r\u00e9clamation \t\t\t<\/span>\n\t\t<\/button>\n\t\t\t\t\t<\/div>\n\t\t\t<div class=\"e-n-tabs-content\">\n\t\t\t\t<div id=\"e-n-tab-content-7080895951\" role=\"tabpanel\" aria-labelledby=\"contact\" data-tab-index=\"1\" style=\"--n-tabs-title-order: 1;\" class=\"e-active elementor-element elementor-element-58470fac e-con-full e-flex e-con e-child\" data-id=\"58470fac\" data-element_type=\"container\">\n\t\t\t\t<div class=\"elementor-element elementor-element-3af7efcb elementor-widget elementor-widget-text-editor\" data-id=\"3af7efcb\" data-element_type=\"widget\" data-widget_type=\"text-editor.default\">\n\t\t\t\t<div class=\"elementor-widget-container\">\n\t\t\t\t\t\t\t\t\t<div><div><div><div><div><div><div><div><div><h3>Ligne de crise 24 heures sur 24<\/h3><\/div><\/div><\/div><\/div><\/div><\/div><\/div><p>Appelez s&#039;il vous pla\u00eet <a href=\"tel:519-252-7781\">519-252-7781<\/a> ou <a href=\"tel:800-265-5142\">800-265-5142<\/a> parler directement \u00e0 un conseiller.<br \/><em>Disponible 24h\/24 et 7j\/7 !<\/em><\/p><p>Si vous ne parvenez pas \u00e0 joindre notre ligne t\u00e9l\u00e9phonique principale, veuillez appeler la ligne d&#039;assistance pour les femmes victimes de violences\u00a0:<br \/><a href=\"tel:1-866-863-0511\">1-866-863-0511<\/a><\/p><h3>Abri d&#039;urgence et bureau principal<\/h3><\/div><div><div><div><div><div><div><div role=\"tabpanel\" aria-labelledby=\"ui-id-1\" aria-hidden=\"false\"><div><p>250, avenue Louis<br \/>Windsor (Ontario) N9A 1W2<br \/><em>Le refuge est disponible 24h\/24 et 7j\/7. Les heures de bureau sont de 21h \u00e0 16h.<\/em><\/p><p><strong>Secteur d&#039;activit\u00e9:<\/strong>\u00a0<a href=\"tel:(519) 252-1143\">(519) 252-1143<\/a><br \/><strong>TDD\u00a0:<\/strong>\u00a0<a href=\"tel:(519) 252-2768\">(519) 252-2768<\/a><\/p><p><strong>Fax:<\/strong>\u00a0(519) 252-7296<br \/><strong>E-mail:<\/strong>\u00a0<a href=\"mailto:admin@hiatushouse.com\" target=\"_blank\" rel=\"noopener\">admin@hiatushouse.com<\/a><\/p><\/div><\/div><\/div><\/div><\/div><\/div><\/div><\/div><div><div><div><div><div><div><div>\u00a0<\/div><\/div><\/div><\/div><\/div><\/div><\/div><\/div>\t\t\t\t\t\t\t\t<\/div>\n\t\t\t\t<\/div>\n\t\t\t\t<\/div>\n\t\t<div id=\"e-n-tab-content-7080895952\" role=\"tabpanel\" aria-labelledby=\"e-n-tab-title-7080895952\" data-tab-index=\"2\" style=\"--n-tabs-title-order: 2;\" class=\"elementor-element elementor-element-89d7ecf e-grid e-con-boxed e-con e-child\" data-id=\"89d7ecf\" data-element_type=\"container\">\n\t\t\t\t\t<div class=\"e-con-inner\">\n\t\t<div class=\"elementor-element elementor-element-097f737 e-con-full e-flex e-con e-child\" data-id=\"097f737\" data-element_type=\"container\">\n\t\t\t\t<div class=\"elementor-element elementor-element-6c330e3 elementor-widget elementor-widget-text-editor\" data-id=\"6c330e3\" data-element_type=\"widget\" data-widget_type=\"text-editor.default\">\n\t\t\t\t<div class=\"elementor-widget-container\">\n\t\t\t\t\t\t\t\t\t<p>\u00a0<\/p><p><strong>Merci de nous avoir contact\u00e9s !<\/strong><\/p><p>Veuillez cliquer sur le bouton ci-dessous pour acc\u00e9der \u00e0 notre formulaire de contact et de r\u00e9clamation.<\/p><p>Suivez les instructions fournies et nous r\u00e9pondrons \u00e0 votre demande ou pr\u00e9occupation dans les plus brefs d\u00e9lais.\u00a0<\/p>\t\t\t\t\t\t\t\t<\/div>\n\t\t\t\t<\/div>\n\t\t\t\t<\/div>\n\t\t\t\t<div class=\"elementor-element elementor-element-8f07373 elementor-align-center elementor-widget-mobile__width-inherit elementor-invisible elementor-widget elementor-widget-button\" data-id=\"8f07373\" data-element_type=\"widget\" data-settings=\"{&quot;_animation&quot;:&quot;fadeInDown&quot;}\" data-widget_type=\"button.default\">\n\t\t\t\t<div class=\"elementor-widget-container\">\n\t\t\t\t\t\t\t\t\t<div class=\"elementor-button-wrapper\">\n\t\t\t\t\t<a class=\"elementor-button elementor-button-link elementor-size-sm\" href=\"https:\/\/hiatushouse.com\/wp-content\/uploads\/2025\/11\/Hiatus-House-Contact-Complaint-Fillable-Form.pdf\">\n\t\t\t\t\t\t<span class=\"elementor-button-content-wrapper\">\n\t\t\t\t\t\t\t\t\t<span class=\"elementor-button-text\">Formulaire de contact et de r\u00e9clamation<\/span>\n\t\t\t\t\t<\/span>\n\t\t\t\t\t<\/a>\n\t\t\t\t<\/div>\n\t\t\t\t\t\t\t\t<\/div>\n\t\t\t\t<\/div>\n\t\t\t\t\t<\/div>\n\t\t\t\t<\/div>\n\t\t\t\t\t<\/div>\n\t\t<\/div>\n\t\t\t\t\t\t<\/div>\n\t\t\t\t<\/div>\n\t\t\t\t\t<\/div>\n\t\t\t\t<\/div>\n\t\t<div class=\"elementor-element elementor-element-43f8cc3d e-flex e-con-boxed e-con e-parent\" data-id=\"43f8cc3d\" data-element_type=\"container\" data-settings=\"{&quot;background_background&quot;:&quot;classic&quot;}\">\n\t\t\t\t\t<div class=\"e-con-inner\">\n\t\t<div class=\"elementor-element elementor-element-5d0431ee e-con-full e-flex e-con e-child\" data-id=\"5d0431ee\" data-element_type=\"container\">\n\t\t\t\t<div class=\"elementor-element elementor-element-2b81d4b2 elementor-widget elementor-widget-heading\" data-id=\"2b81d4b2\" data-element_type=\"widget\" data-widget_type=\"heading.default\">\n\t\t\t\t<div class=\"elementor-widget-container\">\n\t\t\t\t\t<h2 class=\"elementor-heading-title elementor-size-default\">Si vous avez \u00e9t\u00e9 maltrait\u00e9\u2026<\/h2>\t\t\t\t<\/div>\n\t\t\t\t<\/div>\n\t\t\t\t<\/div>\n\t\t<div class=\"elementor-element elementor-element-35fccdbf e-con-full e-flex e-con e-child\" data-id=\"35fccdbf\" data-element_type=\"container\">\n\t\t\t\t<div class=\"elementor-element elementor-element-26db144e elementor-widget-tablet__width-inherit elementor-widget-mobile__width-inherit elementor-widget__width-initial elementor-position-top elementor-widget elementor-widget-image-box\" data-id=\"26db144e\" data-element_type=\"widget\" data-widget_type=\"image-box.default\">\n\t\t\t\t<div class=\"elementor-widget-container\">\n\t\t\t\t\t<div class=\"elementor-image-box-wrapper\"><figure class=\"elementor-image-box-img\"><img decoding=\"async\" width=\"100\" height=\"100\" src=\"https:\/\/hiatushouse.com\/wp-content\/uploads\/2024\/01\/icons8-circled-1-100.png\" class=\"elementor-animation-grow attachment-full size-full wp-image-386\" alt=\"\" srcset=\"https:\/\/hiatushouse.com\/wp-content\/uploads\/2024\/01\/icons8-circled-1-100.png 100w, https:\/\/hiatushouse.com\/wp-content\/uploads\/2024\/01\/icons8-circled-1-100-12x12.png 12w\" sizes=\"(max-width: 100px) 100vw, 100px\" \/><\/figure><div class=\"elementor-image-box-content\"><h4 class=\"elementor-image-box-title\">Appelez la police<\/h4><p class=\"elementor-image-box-description\">911<\/p><\/div><\/div>\t\t\t\t<\/div>\n\t\t\t\t<\/div>\n\t\t\t\t<div class=\"elementor-element elementor-element-333b8666 elementor-widget-tablet__width-inherit elementor-widget-mobile__width-inherit elementor-widget__width-initial elementor-position-top elementor-widget elementor-widget-image-box\" data-id=\"333b8666\" data-element_type=\"widget\" data-widget_type=\"image-box.default\">\n\t\t\t\t<div class=\"elementor-widget-container\">\n\t\t\t\t\t<div class=\"elementor-image-box-wrapper\"><figure class=\"elementor-image-box-img\"><img decoding=\"async\" width=\"100\" height=\"100\" src=\"https:\/\/hiatushouse.com\/wp-content\/uploads\/2024\/01\/icons8-circled-2-100.png\" class=\"elementor-animation-grow attachment-full size-full wp-image-387\" alt=\"\" srcset=\"https:\/\/hiatushouse.com\/wp-content\/uploads\/2024\/01\/icons8-circled-2-100.png 100w, https:\/\/hiatushouse.com\/wp-content\/uploads\/2024\/01\/icons8-circled-2-100-12x12.png 12w\" sizes=\"(max-width: 100px) 100vw, 100px\" \/><\/figure><div class=\"elementor-image-box-content\"><h4 class=\"elementor-image-box-title\">Enregistrez les noms des policiers<\/h4><\/div><\/div>\t\t\t\t<\/div>\n\t\t\t\t<\/div>\n\t\t\t\t<div class=\"elementor-element elementor-element-70d84279 elementor-widget-tablet__width-inherit elementor-widget-mobile__width-inherit elementor-widget__width-initial elementor-position-top elementor-widget elementor-widget-image-box\" data-id=\"70d84279\" data-element_type=\"widget\" data-widget_type=\"image-box.default\">\n\t\t\t\t<div class=\"elementor-widget-container\">\n\t\t\t\t\t<div class=\"elementor-image-box-wrapper\"><figure class=\"elementor-image-box-img\"><img decoding=\"async\" width=\"100\" height=\"100\" src=\"https:\/\/hiatushouse.com\/wp-content\/uploads\/2024\/01\/icons8-circled-3-100-1.png\" class=\"elementor-animation-grow attachment-full size-full wp-image-388\" alt=\"\" srcset=\"https:\/\/hiatushouse.com\/wp-content\/uploads\/2024\/01\/icons8-circled-3-100-1.png 100w, https:\/\/hiatushouse.com\/wp-content\/uploads\/2024\/01\/icons8-circled-3-100-1-12x12.png 12w\" sizes=\"(max-width: 100px) 100vw, 100px\" \/><\/figure><div class=\"elementor-image-box-content\"><h4 class=\"elementor-image-box-title\">Tenter de conserver toute preuve de l&#039;abus<\/h4><\/div><\/div>\t\t\t\t<\/div>\n\t\t\t\t<\/div>\n\t\t\t\t<div class=\"elementor-element elementor-element-1338878f elementor-widget-tablet__width-inherit elementor-widget-mobile__width-inherit elementor-widget__width-initial elementor-position-top elementor-widget elementor-widget-image-box\" data-id=\"1338878f\" data-element_type=\"widget\" data-widget_type=\"image-box.default\">\n\t\t\t\t<div class=\"elementor-widget-container\">\n\t\t\t\t\t<div class=\"elementor-image-box-wrapper\"><figure class=\"elementor-image-box-img\"><img loading=\"lazy\" decoding=\"async\" width=\"100\" height=\"100\" src=\"https:\/\/hiatushouse.com\/wp-content\/uploads\/2024\/01\/icons8-circled-4-100-1.png\" class=\"elementor-animation-grow attachment-full size-full wp-image-389\" alt=\"\" srcset=\"https:\/\/hiatushouse.com\/wp-content\/uploads\/2024\/01\/icons8-circled-4-100-1.png 100w, https:\/\/hiatushouse.com\/wp-content\/uploads\/2024\/01\/icons8-circled-4-100-1-12x12.png 12w\" sizes=\"(max-width: 100px) 100vw, 100px\" \/><\/figure><div class=\"elementor-image-box-content\"><h4 class=\"elementor-image-box-title\">Consulter un m\u00e9decin<\/h4><\/div><\/div>\t\t\t\t<\/div>\n\t\t\t\t<\/div>\n\t\t\t\t<\/div>\n\t\t\t\t\t<\/div>\n\t\t\t\t<\/div>\n\t\t\t\t<\/div>","protected":false},"excerpt":{"rendered":"<p>Contact &amp; Location Contact &amp; Complaint Form 24-Hour Crisis Line Please call 519-252-7781 or 800-265-5142 to speak directly to a counsellor.Available 24-hours a day, 7 days a week! If you [&hellip;]<\/p>\n","protected":false},"author":2,"featured_media":0,"parent":0,"menu_order":0,"comment_status":"closed","ping_status":"closed","template":"","meta":{"footnotes":""},"class_list":["post-118","page","type-page","status-publish","hentry"],"_links":{"self":[{"href":"https:\/\/hiatushouse.com\/fr\/wp-json\/wp\/v2\/pages\/118","targetHints":{"allow":["GET"]}}],"collection":[{"href":"https:\/\/hiatushouse.com\/fr\/wp-json\/wp\/v2\/pages"}],"about":[{"href":"https:\/\/hiatushouse.com\/fr\/wp-json\/wp\/v2\/types\/page"}],"author":[{"embeddable":true,"href":"https:\/\/hiatushouse.com\/fr\/wp-json\/wp\/v2\/users\/2"}],"replies":[{"embeddable":true,"href":"https:\/\/hiatushouse.com\/fr\/wp-json\/wp\/v2\/comments?post=118"}],"version-history":[{"count":88,"href":"https:\/\/hiatushouse.com\/fr\/wp-json\/wp\/v2\/pages\/118\/revisions"}],"predecessor-version":[{"id":3557,"href":"https:\/\/hiatushouse.com\/fr\/wp-json\/wp\/v2\/pages\/118\/revisions\/3557"}],"wp:attachment":[{"href":"https:\/\/hiatushouse.com\/fr\/wp-json\/wp\/v2\/media?parent=118"}],"curies":[{"name":"wp","href":"https:\/\/api.w.org\/{rel}","templated":true}]}}